{"id":86231,"date":"2026-04-14T16:49:14","date_gmt":"2026-04-14T13:49:14","guid":{"rendered":"https:\/\/www.oarri.fi\/product\/\/"},"modified":"2026-04-14T16:53:21","modified_gmt":"2026-04-14T13:53:21","slug":"2026-0032","status":"publish","type":"product","link":"https:\/\/www.oarri.fi\/sk\/product\/2026-0032\/","title":{"rendered":"N\u00e1u\u0161nice - Tigrie oko"},"content":{"rendered":"<p>Ru\u010dne vyroben\u00e9 n\u00e1u\u0161nice z meden\u00e9ho dr\u00f4tu, ozdoben\u00e9 kor\u00e1lkami z tigrieho oka (polodrahokam).<\/p>\n<p>Rozmery: 7 x 2,5 cm<\/p>\n<p>H\u00e1\u010dik je vyroben\u00fd z hypoalerg\u00e9nnej nehrdzavej\u00facej ocele (RST 304).<br \/>\nS\u00fa\u010das\u0165ou n\u00e1u\u0161n\u00edc s\u00fa silik\u00f3nov\u00e9 zar\u00e1\u017eky.<\/p>\n<p>Ka\u017ed\u00fd p\u00e1r je jedine\u010dn\u00fd a kompletne ru\u010dne vyroben\u00fd. Z tohto d\u00f4vodu sa m\u00f4\u017eu detaily mierne l\u00ed\u0161i\u0165.&nbsp;<\/p>\n","protected":false},"excerpt":{"rendered":"<p>Ru\u010dne vyroben\u00e9 n\u00e1u\u0161nice z meden\u00e9ho dr\u00f4tu, ozdoben\u00e9 kor\u00e1lkami z tigrieho oka (polodrahokam). Rozmery: 7 x 2,5 cm H\u00e1\u010dik je vyroben\u00fd z hypoalerg\u00e9nnej nehrdzavej\u00facej ocele (RST 304). S\u00fa\u010das\u0165ou n\u00e1u\u0161n\u00edc s\u00fa silik\u00f3nov\u00e9 zar\u00e1\u017eky. Ka\u017ed\u00fd p\u00e1r je jedine\u010dn\u00fd a kompletne ru\u010dne vyroben\u00fd. Z tohto d\u00f4vodu sa m\u00f4\u017eu detaily mierne l\u00ed\u0161i\u0165.&nbsp;<\/p>\n","protected":false},"featured_media":86232,"comment_status":"closed","ping_status":"closed","template":"","meta":[],"product_brand":[],"product_cat":[166,178,182],"product_tag":[],"class_list":{"0":"post-86231","1":"product","2":"type-product","3":"status-publish","4":"has-post-thumbnail","6":"product_cat-sperky","7":"product_cat-nausnice","8":"product_cat-ostatne-nausnice","10":"first","11":"instock","12":"featured","13":"shipping-taxable","14":"purchasable","15":"product-type-simple"},"_links":{"self":[{"href":"https:\/\/www.oarri.fi\/sk\/wp-json\/wp\/v2\/product\/86231","targetHints":{"allow":["GET"]}}],"collection":[{"href":"https:\/\/www.oarri.fi\/sk\/wp-json\/wp\/v2\/product"}],"about":[{"href":"https:\/\/www.oarri.fi\/sk\/wp-json\/wp\/v2\/types\/product"}],"replies":[{"embeddable":true,"href":"https:\/\/www.oarri.fi\/sk\/wp-json\/wp\/v2\/comments?post=86231"}],"wp:featuredmedia":[{"embeddable":true,"href":"https:\/\/www.oarri.fi\/sk\/wp-json\/wp\/v2\/media\/86232"}],"wp:attachment":[{"href":"https:\/\/www.oarri.fi\/sk\/wp-json\/wp\/v2\/media?parent=86231"}],"wp:term":[{"taxonomy":"product_brand","embeddable":true,"href":"https:\/\/www.oarri.fi\/sk\/wp-json\/wp\/v2\/product_brand?post=86231"},{"taxonomy":"product_cat","embeddable":true,"href":"https:\/\/www.oarri.fi\/sk\/wp-json\/wp\/v2\/product_cat?post=86231"},{"taxonomy":"product_tag","embeddable":true,"href":"https:\/\/www.oarri.fi\/sk\/wp-json\/wp\/v2\/product_tag?post=86231"}],"curies":[{"name":"wp","href":"https:\/\/api.w.org\/{rel}","templated":true}]}}