{"id":86182,"date":"2026-03-05T18:14:53","date_gmt":"2026-03-05T16:14:53","guid":{"rendered":"https:\/\/www.oarri.fi\/product\/\/"},"modified":"2026-03-05T18:30:41","modified_gmt":"2026-03-05T16:30:41","slug":"2026-0019","status":"publish","type":"product","link":"https:\/\/www.oarri.fi\/sk\/product\/2026-0019\/","title":{"rendered":"Puzetov\u00e9 n\u00e1u\u0161nice - howlit"},"content":{"rendered":"<p>Tieto kr\u00e1sne n\u00e1u\u0161nice s\u00fa ru\u010dne u\u0161it\u00e9 z mal\u00fdch kor\u00e1liek, v\u010faka \u010domu je \u0161perk jedine\u010dn\u00fd a individu\u00e1lny. Stred n\u00e1u\u0161n\u00edc zdob\u00ed kor\u00e1lka z howlitu. Zadn\u00e1 strana n\u00e1u\u0161n\u00edc je z jemnej \u0161edej ko\u017ee.<\/p>\n<p>N\u00e1u\u0161nice maj\u00fa puzetkov\u00e9 zap\u00ednanie z nehrdzavej\u00facej ocele (RST 304), ktor\u00e9 je vhodn\u00e9 aj pre citliv\u00fa poko\u017eku.<\/p>\n<p>Priemer: 2 cm<br \/>\nS\u00fa\u010das\u0165ou n\u00e1u\u0161n\u00edc s\u00fa silik\u00f3nov\u00e9 zar\u00e1\u017eky.<\/p>\n<p>Ka\u017ed\u00fd p\u00e1r je jedine\u010dn\u00fd a kompletne ru\u010dne vyroben\u00fd. Z tohto d\u00f4vodu sa m\u00f4\u017eu detaily mierne l\u00ed\u0161i\u0165.<\/p>\n","protected":false},"excerpt":{"rendered":"<p>Tieto kr\u00e1sne n\u00e1u\u0161nice s\u00fa ru\u010dne u\u0161it\u00e9 z mal\u00fdch kor\u00e1liek, v\u010faka \u010domu je \u0161perk jedine\u010dn\u00fd a individu\u00e1lny. Stred n\u00e1u\u0161n\u00edc zdob\u00ed kor\u00e1lka z howlitu. Zadn\u00e1 strana n\u00e1u\u0161n\u00edc je z jemnej \u0161edej ko\u017ee. N\u00e1u\u0161nice maj\u00fa puzetkov\u00e9 zap\u00ednanie z nehrdzavej\u00facej ocele (RST 304), ktor\u00e9 je vhodn\u00e9 aj pre citliv\u00fa poko\u017eku. Priemer: 2 cm S\u00fa\u010das\u0165ou n\u00e1u\u0161n\u00edc s\u00fa silik\u00f3nov\u00e9 zar\u00e1\u017eky. Ka\u017ed\u00fd p\u00e1r je jedine\u010dn\u00fd a kompletne ru\u010dne vyroben\u00fd. Z tohto d\u00f4vodu sa m\u00f4\u017eu detaily mierne l\u00ed\u0161i\u0165.<\/p>\n","protected":false},"featured_media":86183,"comment_status":"closed","ping_status":"closed","template":"","meta":[],"product_brand":[],"product_cat":[166,178,206],"product_tag":[],"class_list":{"0":"post-86182","1":"product","2":"type-product","3":"status-publish","4":"has-post-thumbnail","6":"product_cat-sperky","7":"product_cat-nausnice","8":"product_cat-rokajlove-nausnice","10":"first","11":"instock","12":"featured","13":"shipping-taxable","14":"purchasable","15":"product-type-simple"},"_links":{"self":[{"href":"https:\/\/www.oarri.fi\/sk\/wp-json\/wp\/v2\/product\/86182","targetHints":{"allow":["GET"]}}],"collection":[{"href":"https:\/\/www.oarri.fi\/sk\/wp-json\/wp\/v2\/product"}],"about":[{"href":"https:\/\/www.oarri.fi\/sk\/wp-json\/wp\/v2\/types\/product"}],"replies":[{"embeddable":true,"href":"https:\/\/www.oarri.fi\/sk\/wp-json\/wp\/v2\/comments?post=86182"}],"wp:featuredmedia":[{"embeddable":true,"href":"https:\/\/www.oarri.fi\/sk\/wp-json\/wp\/v2\/media\/86183"}],"wp:attachment":[{"href":"https:\/\/www.oarri.fi\/sk\/wp-json\/wp\/v2\/media?parent=86182"}],"wp:term":[{"taxonomy":"product_brand","embeddable":true,"href":"https:\/\/www.oarri.fi\/sk\/wp-json\/wp\/v2\/product_brand?post=86182"},{"taxonomy":"product_cat","embeddable":true,"href":"https:\/\/www.oarri.fi\/sk\/wp-json\/wp\/v2\/product_cat?post=86182"},{"taxonomy":"product_tag","embeddable":true,"href":"https:\/\/www.oarri.fi\/sk\/wp-json\/wp\/v2\/product_tag?post=86182"}],"curies":[{"name":"wp","href":"https:\/\/api.w.org\/{rel}","templated":true}]}}