{"id":86178,"date":"2026-02-19T09:31:01","date_gmt":"2026-02-19T07:31:01","guid":{"rendered":"https:\/\/www.oarri.fi\/product\/\/"},"modified":"2026-02-19T09:32:23","modified_gmt":"2026-02-19T07:32:23","slug":"2026-0018","status":"publish","type":"product","link":"https:\/\/www.oarri.fi\/sk\/product\/2026-0018\/","title":{"rendered":"Trojuholn\u00edkov\u00e9 n\u00e1u\u0161nice"},"content":{"rendered":"<p>Ru\u010dne vyroben\u00e9 n\u00e1u\u0161nice z mosazn\u00e9ho trojuholn\u00edku a rokailov\u00fdch kor\u00e1liek.<\/p>\n<p>Rozmery: 1,5 x 2,5 cm<\/p>\n<p>H\u00e1\u010dik je vyroben\u00fd z hypoalerg\u00e9nnej nehrdzavej\u00facej ocele (RST 304).<br \/>\nS\u00fa\u010das\u0165ou n\u00e1u\u0161n\u00edc s\u00fa silik\u00f3nov\u00e9 zar\u00e1\u017eky.<\/p>\n<p>Ka\u017ed\u00fd p\u00e1r je jedine\u010dn\u00fd a kompletne ru\u010dne vyroben\u00fd. Z tohto d\u00f4vodu sa m\u00f4\u017eu detaily mierne l\u00ed\u0161i\u0165.<\/p>\n","protected":false},"excerpt":{"rendered":"<p>Ru\u010dne vyroben\u00e9 n\u00e1u\u0161nice z mosazn\u00e9ho trojuholn\u00edku a rokailov\u00fdch kor\u00e1liek. Rozmery: 1,5 x 2,5 cm H\u00e1\u010dik je vyroben\u00fd z hypoalerg\u00e9nnej nehrdzavej\u00facej ocele (RST 304). S\u00fa\u010das\u0165ou n\u00e1u\u0161n\u00edc s\u00fa silik\u00f3nov\u00e9 zar\u00e1\u017eky. Ka\u017ed\u00fd p\u00e1r je jedine\u010dn\u00fd a kompletne ru\u010dne vyroben\u00fd. Z tohto d\u00f4vodu sa m\u00f4\u017eu detaily mierne l\u00ed\u0161i\u0165.<\/p>\n","protected":false},"featured_media":86177,"comment_status":"closed","ping_status":"closed","template":"","meta":[],"product_brand":[],"product_cat":[166,178,206],"product_tag":[],"class_list":{"0":"post-86178","1":"product","2":"type-product","3":"status-publish","4":"has-post-thumbnail","6":"product_cat-sperky","7":"product_cat-nausnice","8":"product_cat-rokajlove-nausnice","10":"first","11":"instock","12":"featured","13":"shipping-taxable","14":"purchasable","15":"product-type-simple"},"_links":{"self":[{"href":"https:\/\/www.oarri.fi\/sk\/wp-json\/wp\/v2\/product\/86178","targetHints":{"allow":["GET"]}}],"collection":[{"href":"https:\/\/www.oarri.fi\/sk\/wp-json\/wp\/v2\/product"}],"about":[{"href":"https:\/\/www.oarri.fi\/sk\/wp-json\/wp\/v2\/types\/product"}],"replies":[{"embeddable":true,"href":"https:\/\/www.oarri.fi\/sk\/wp-json\/wp\/v2\/comments?post=86178"}],"wp:featuredmedia":[{"embeddable":true,"href":"https:\/\/www.oarri.fi\/sk\/wp-json\/wp\/v2\/media\/86177"}],"wp:attachment":[{"href":"https:\/\/www.oarri.fi\/sk\/wp-json\/wp\/v2\/media?parent=86178"}],"wp:term":[{"taxonomy":"product_brand","embeddable":true,"href":"https:\/\/www.oarri.fi\/sk\/wp-json\/wp\/v2\/product_brand?post=86178"},{"taxonomy":"product_cat","embeddable":true,"href":"https:\/\/www.oarri.fi\/sk\/wp-json\/wp\/v2\/product_cat?post=86178"},{"taxonomy":"product_tag","embeddable":true,"href":"https:\/\/www.oarri.fi\/sk\/wp-json\/wp\/v2\/product_tag?post=86178"}],"curies":[{"name":"wp","href":"https:\/\/api.w.org\/{rel}","templated":true}]}}