{"id":86172,"date":"2026-02-17T13:53:26","date_gmt":"2026-02-17T11:53:26","guid":{"rendered":"https:\/\/www.oarri.fi\/product\/\/"},"modified":"2026-03-22T20:30:50","modified_gmt":"2026-03-22T18:30:50","slug":"2026-0015","status":"publish","type":"product","link":"https:\/\/www.oarri.fi\/sk\/product\/2026-0015\/","title":{"rendered":"N\u00e1ramok - v\u0155bka"},"content":{"rendered":"<p>Ru\u010dne vyroben\u00fd n\u00e1ramok z ko\u017ee a sklenen\u00fdch kor\u00e1liek. Ka\u017ed\u00e1 kor\u00e1lka je starostlivo ru\u010dne pri\u0161it\u00e1 technikou \u0161tvorcov\u00e9ho stehu. Hotov\u00fd vzor kor\u00e1likov je pripevnen\u00fd k jemnej bielej ko\u017ei.<\/p>\n<p>N\u00e1ramok m\u00e1 zap\u00ednanie z nehrdzavej\u00facej ocele a nastavovac\u00ed re\u0165az, ktor\u00fd umo\u017e\u0148uje nastavi\u0165 d\u013a\u017eku.<\/p>\n<p>D\u013a\u017eka (n\u00e1ramok bez zap\u00ednania a re\u0165aze): 16 cm<br \/>\nD\u013a\u017eka (n\u00e1ramok + zap\u00ednanie + re\u0165az): 23 cm<br \/>\n\u0160\u00edrka: 1,3 cm<\/p>\n","protected":false},"excerpt":{"rendered":"<p>Ru\u010dne vyroben\u00fd n\u00e1ramok z ko\u017ee a sklenen\u00fdch kor\u00e1liek. Ka\u017ed\u00e1 kor\u00e1lka je starostlivo ru\u010dne pri\u0161it\u00e1 technikou \u0161tvorcov\u00e9ho stehu. Hotov\u00fd vzor kor\u00e1likov je pripevnen\u00fd k jemnej bielej ko\u017ei. N\u00e1ramok m\u00e1 zap\u00ednanie z nehrdzavej\u00facej ocele a nastavovac\u00ed re\u0165az, ktor\u00fd umo\u017e\u0148uje nastavi\u0165 d\u013a\u017eku. D\u013a\u017eka (n\u00e1ramok bez zap\u00ednania a re\u0165aze): 16 cm D\u013a\u017eka (n\u00e1ramok + zap\u00ednanie + re\u0165az): 23 cm \u0160\u00edrka: 1,3 cm<\/p>\n","protected":false},"featured_media":86164,"comment_status":"closed","ping_status":"closed","template":"","meta":[],"product_brand":[],"product_cat":[166,207],"product_tag":[],"class_list":{"0":"post-86172","1":"product","2":"type-product","3":"status-publish","4":"has-post-thumbnail","6":"product_cat-sperky","7":"product_cat-rannekorut","9":"first","10":"outofstock","11":"featured","12":"shipping-taxable","13":"purchasable","14":"product-type-simple"},"_links":{"self":[{"href":"https:\/\/www.oarri.fi\/sk\/wp-json\/wp\/v2\/product\/86172","targetHints":{"allow":["GET"]}}],"collection":[{"href":"https:\/\/www.oarri.fi\/sk\/wp-json\/wp\/v2\/product"}],"about":[{"href":"https:\/\/www.oarri.fi\/sk\/wp-json\/wp\/v2\/types\/product"}],"replies":[{"embeddable":true,"href":"https:\/\/www.oarri.fi\/sk\/wp-json\/wp\/v2\/comments?post=86172"}],"wp:featuredmedia":[{"embeddable":true,"href":"https:\/\/www.oarri.fi\/sk\/wp-json\/wp\/v2\/media\/86164"}],"wp:attachment":[{"href":"https:\/\/www.oarri.fi\/sk\/wp-json\/wp\/v2\/media?parent=86172"}],"wp:term":[{"taxonomy":"product_brand","embeddable":true,"href":"https:\/\/www.oarri.fi\/sk\/wp-json\/wp\/v2\/product_brand?post=86172"},{"taxonomy":"product_cat","embeddable":true,"href":"https:\/\/www.oarri.fi\/sk\/wp-json\/wp\/v2\/product_cat?post=86172"},{"taxonomy":"product_tag","embeddable":true,"href":"https:\/\/www.oarri.fi\/sk\/wp-json\/wp\/v2\/product_tag?post=86172"}],"curies":[{"name":"wp","href":"https:\/\/api.w.org\/{rel}","templated":true}]}}