{"id":86121,"date":"2026-01-19T15:39:15","date_gmt":"2026-01-19T13:39:15","guid":{"rendered":"https:\/\/www.oarri.fi\/product\/\/"},"modified":"2026-01-19T16:03:29","modified_gmt":"2026-01-19T14:03:29","slug":"2025-0009","status":"publish","type":"product","link":"https:\/\/www.oarri.fi\/sk\/product\/2025-0009\/","title":{"rendered":"N\u00e1u\u0161nice - kvet"},"content":{"rendered":"<p>Ru\u010dne vyroben\u00e9 n\u00e1u\u0161nice z rodonitov\u00fdch kor\u00e1liek a sklenen\u00fdch kor\u00e1liek.<\/p>\n<p>Priemer: 1 cm<\/p>\n<p>Puzety s\u00fa vyroben\u00e9 z hypoalerg\u00e9nnej nehrdzavej\u00facej ocele (RST 304).<br \/>\nS\u00fa\u010das\u0165ou n\u00e1u\u0161n\u00edc s\u00fa silik\u00f3nov\u00e9 zar\u00e1\u017eky.<\/p>\n<p>Ka\u017ed\u00fd p\u00e1r je jedine\u010dn\u00fd a kompletne ru\u010dne vyroben\u00fd. Z tohto d\u00f4vodu sa m\u00f4\u017eu detaily mierne l\u00ed\u0161i\u0165.<\/p>\n","protected":false},"excerpt":{"rendered":"<p>Ru\u010dne vyroben\u00e9 n\u00e1u\u0161nice z rodonitov\u00fdch kor\u00e1liek a sklenen\u00fdch kor\u00e1liek. Priemer: 1 cm Puzety s\u00fa vyroben\u00e9 z hypoalerg\u00e9nnej nehrdzavej\u00facej ocele (RST 304). S\u00fa\u010das\u0165ou n\u00e1u\u0161n\u00edc s\u00fa silik\u00f3nov\u00e9 zar\u00e1\u017eky. Ka\u017ed\u00fd p\u00e1r je jedine\u010dn\u00fd a kompletne ru\u010dne vyroben\u00fd. Z tohto d\u00f4vodu sa m\u00f4\u017eu detaily mierne l\u00ed\u0161i\u0165.<\/p>\n","protected":false},"featured_media":86122,"comment_status":"closed","ping_status":"closed","template":"","meta":[],"product_brand":[],"product_cat":[166,178,182],"product_tag":[],"class_list":{"0":"post-86121","1":"product","2":"type-product","3":"status-publish","4":"has-post-thumbnail","6":"product_cat-sperky","7":"product_cat-nausnice","8":"product_cat-ostatne-nausnice","10":"first","11":"instock","12":"featured","13":"shipping-taxable","14":"purchasable","15":"product-type-simple"},"_links":{"self":[{"href":"https:\/\/www.oarri.fi\/sk\/wp-json\/wp\/v2\/product\/86121","targetHints":{"allow":["GET"]}}],"collection":[{"href":"https:\/\/www.oarri.fi\/sk\/wp-json\/wp\/v2\/product"}],"about":[{"href":"https:\/\/www.oarri.fi\/sk\/wp-json\/wp\/v2\/types\/product"}],"replies":[{"embeddable":true,"href":"https:\/\/www.oarri.fi\/sk\/wp-json\/wp\/v2\/comments?post=86121"}],"wp:featuredmedia":[{"embeddable":true,"href":"https:\/\/www.oarri.fi\/sk\/wp-json\/wp\/v2\/media\/86122"}],"wp:attachment":[{"href":"https:\/\/www.oarri.fi\/sk\/wp-json\/wp\/v2\/media?parent=86121"}],"wp:term":[{"taxonomy":"product_brand","embeddable":true,"href":"https:\/\/www.oarri.fi\/sk\/wp-json\/wp\/v2\/product_brand?post=86121"},{"taxonomy":"product_cat","embeddable":true,"href":"https:\/\/www.oarri.fi\/sk\/wp-json\/wp\/v2\/product_cat?post=86121"},{"taxonomy":"product_tag","embeddable":true,"href":"https:\/\/www.oarri.fi\/sk\/wp-json\/wp\/v2\/product_tag?post=86121"}],"curies":[{"name":"wp","href":"https:\/\/api.w.org\/{rel}","templated":true}]}}